{"id":10,"date":"2023-07-11T23:53:15","date_gmt":"2023-07-11T23:53:15","guid":{"rendered":"https:\/\/servietteobf.ci\/?page_id=10"},"modified":"2023-07-11T23:53:18","modified_gmt":"2023-07-11T23:53:18","slug":"remboursements_retours","status":"publish","type":"page","link":"https:\/\/servietteobf.ci\/index.php\/remboursements_retours\/","title":{"rendered":"Politique en mati\u00e8re de remboursements et de retours"},"content":{"rendered":"<h2 class=\"wp-block-heading\">Aper\u00e7u<\/h2><p>Notre politique de remboursement et de retour est valable pendant 30 jours. Si 30 jours se sont \u00e9coul\u00e9s depuis votre achat, nous ne pouvons pas vous offrir un remboursement complet ou un \u00e9change.<\/p><p>Pour \u00eatre admissible \u00e0 un retour, votre article doit \u00eatre inutilis\u00e9 et dans le m\u00eame \u00e9tat que vous l&#8217;avez re\u00e7u. Il doit \u00e9galement \u00eatre dans son emballage d&#8217;origine.<\/p><h2 class=\"wp-block-heading\">Remboursements<\/h2><p>Une fois que nous aurons re\u00e7u et inspect\u00e9 votre retour, nous vous enverrons un e-mail pour vous informer de la r\u00e9ception de votre article retourn\u00e9. Nous vous informerons \u00e9galement de l&#8217;approbation ou du rejet de votre remboursement.<\/p><p>Si vous \u00eates approuv\u00e9, alors votre remboursement sera trait\u00e9 et un cr\u00e9dit sera automatiquement appliqu\u00e9 \u00e0 votre carte de cr\u00e9dit ou \u00e0 votre mode de paiement d&#8217;origine, dans un d\u00e9lai d\u00e9termin\u00e9.<\/p><h2 class=\"wp-block-heading\">Remboursements tardifs ou manquants<\/h2><p>Si vous n&#8217;avez pas encore re\u00e7u de remboursement, v\u00e9rifiez d&#8217;abord votre compte en banque.<\/p><p>Ensuite, contactez votre soci\u00e9t\u00e9 de carte de cr\u00e9dit, cela peut prendre un certain temps avant que votre remboursement ne soit officiellement affich\u00e9.<\/p><p>Contactez ensuite votre banque. Il y a souvent un d\u00e9lai de traitement avant qu&#8217;un remboursement ne soit affich\u00e9.<\/p><p>Si vous avez fait tout cela et que vous n&#8217;avez toujours pas re\u00e7u votre remboursement, veuillez nous contacter \u00e0 {adresse e-mail}.<\/p><h2 class=\"wp-block-heading\">Articles sold\u00e9s<\/h2><p>Seuls les articles vendus au prix r\u00e9gulier peuvent \u00eatre rembours\u00e9s. Les articles sold\u00e9s ne sont pas remboursables.<\/p><h2 class=\"wp-block-heading\">\u00c9changes<\/h2><p>Nous rempla\u00e7ons uniquement les articles d\u00e9fectueux ou endommag\u00e9s. Si vous avez besoin de le remplacer par le m\u00eame article, appelez-nous au <strong>+2250759064662<\/strong><\/p><h2 class=\"wp-block-heading\">Cadeaux<\/h2><p>Si l&#8217;article \u00e9tait marqu\u00e9 comme cadeau lors de l&#8217;achat et exp\u00e9di\u00e9 directement vers vous, vous recevrez un cr\u00e9dit-cadeau d&#8217;une valeur \u00e9quivalente \u00e0 votre retour. Une fois l&#8217;article retourn\u00e9 re\u00e7u, un certificat-cadeau vous sera envoy\u00e9.<\/p><p>Si l&#8217;article n&#8217;\u00e9tait pas marqu\u00e9 comme cadeau lors de l&#8217;achat, ou si le donneur de cadeau avait fait exp\u00e9dier la commande chez lui pour vous la remettre ult\u00e9rieurement, nous enverrons un remboursement au donneur de cadeau et il sera inform\u00e9 de votre retour.<\/p><h2 class=\"wp-block-heading\">Retours d&#8217;exp\u00e9dition<\/h2><p>Pour retourner votre produit, vous devez envoyer votre produit \u00e0 : {adresse physique}.<\/p><p>Vous serez responsable de payer vos propres frais d&#8217;exp\u00e9dition pour le retour de votre article. Les frais d&#8217;exp\u00e9dition ne sont pas remboursables. Si vous recevez un remboursement, le co\u00fbt de l&#8217;exp\u00e9dition de retour sera d\u00e9duit de votre remboursement.<\/p><p>En fonction de l&#8217;endroit o\u00f9 vous vivez, le d\u00e9lai n\u00e9cessaire pour que votre produit \u00e9chang\u00e9 vous parvienne peut varier.<\/p><p>Si vous retournez des articles de valeur, vous pouvez envisager d&#8217;utiliser un service d&#8217;exp\u00e9dition avec suivi ou de souscrire une assurance exp\u00e9dition. Nous ne garantissons pas que nous recevrons votre article retourn\u00e9.<\/p><h2 class=\"wp-block-heading\">Besoin d&#8217;aide ?<\/h2><p>Contactez-nous au <strong>+2250759064662<\/strong> pour toute question concernant les remboursements et les retours.<\/p>","protected":false},"excerpt":{"rendered":"<p>Aper\u00e7u Notre politique de remboursement et de retour est valable pendant 30 jours. Si 30 jours se sont \u00e9coul\u00e9s depuis votre achat, nous ne pouvons pas vous offrir un remboursement complet ou un \u00e9change. Pour \u00eatre admissible \u00e0 un retour, votre article doit \u00eatre inutilis\u00e9 et dans le m\u00eame \u00e9tat que vous l&#8217;avez re\u00e7u. Il<\/p>\n<div class=\"klb-readmore entry-button\"><a class=\"button light alt medium\" href=\"https:\/\/servietteobf.ci\/index.php\/remboursements_retours\/\">Read More<\/a><\/div>\n","protected":false},"author":1,"featured_media":0,"parent":0,"menu_order":0,"comment_status":"closed","ping_status":"closed","template":"","meta":{"footnotes":""},"class_list":["post-10","page","type-page","status-publish","hentry"],"yoast_head":"<!-- This site is optimized with the Yoast SEO plugin v23.4 - https:\/\/yoast.com\/wordpress\/plugins\/seo\/ -->\n<title>Politique en mati\u00e8re de remboursements et de retours - OBF<\/title>\n<meta name=\"description\" content=\"Notre politique de remboursement et de retour est valable pendant 30 jours. Si 30 jours se sont \u00e9coul\u00e9s depuis votre achat, nous ne pouvons pas vous offrir un remboursement complet ou un \u00e9change.\" \/>\n<meta name=\"robots\" content=\"index, follow, max-snippet:-1, max-image-preview:large, max-video-preview:-1\" \/>\n<link rel=\"canonical\" href=\"https:\/\/servietteobf.ci\/index.php\/remboursements_retours\/\" \/>\n<meta property=\"og:locale\" content=\"fr_FR\" \/>\n<meta property=\"og:type\" content=\"article\" \/>\n<meta property=\"og:title\" content=\"Politique en mati\u00e8re de remboursements et de retours - OBF\" \/>\n<meta property=\"og:description\" content=\"Notre politique de remboursement et de retour est valable pendant 30 jours. Si 30 jours se sont \u00e9coul\u00e9s depuis votre achat, nous ne pouvons pas vous offrir un remboursement complet ou un \u00e9change.\" \/>\n<meta property=\"og:url\" content=\"https:\/\/servietteobf.ci\/index.php\/remboursements_retours\/\" \/>\n<meta property=\"og:site_name\" content=\"OBF\" \/>\n<meta property=\"article:modified_time\" content=\"2023-07-11T23:53:18+00:00\" \/>\n<meta name=\"twitter:card\" content=\"summary_large_image\" \/>\n<meta name=\"twitter:label1\" content=\"Dur\u00e9e de lecture estim\u00e9e\" \/>\n\t<meta name=\"twitter:data1\" content=\"3 minutes\" \/>\n<script type=\"application\/ld+json\" class=\"yoast-schema-graph\">{\"@context\":\"https:\/\/schema.org\",\"@graph\":[{\"@type\":\"WebPage\",\"@id\":\"https:\/\/servietteobf.ci\/index.php\/remboursements_retours\/\",\"url\":\"https:\/\/servietteobf.ci\/index.php\/remboursements_retours\/\",\"name\":\"Politique en mati\u00e8re de remboursements et de retours - OBF\",\"isPartOf\":{\"@id\":\"https:\/\/servietteobf.ci\/#website\"},\"datePublished\":\"2023-07-11T23:53:15+00:00\",\"dateModified\":\"2023-07-11T23:53:18+00:00\",\"description\":\"Notre politique de remboursement et de retour est valable pendant 30 jours. Si 30 jours se sont \u00e9coul\u00e9s depuis votre achat, nous ne pouvons pas vous offrir un remboursement complet ou un \u00e9change.\",\"breadcrumb\":{\"@id\":\"https:\/\/servietteobf.ci\/index.php\/remboursements_retours\/#breadcrumb\"},\"inLanguage\":\"fr-FR\",\"potentialAction\":[{\"@type\":\"ReadAction\",\"target\":[\"https:\/\/servietteobf.ci\/index.php\/remboursements_retours\/\"]}]},{\"@type\":\"BreadcrumbList\",\"@id\":\"https:\/\/servietteobf.ci\/index.php\/remboursements_retours\/#breadcrumb\",\"itemListElement\":[{\"@type\":\"ListItem\",\"position\":1,\"name\":\"Accueil\",\"item\":\"https:\/\/servietteobf.ci\/\"},{\"@type\":\"ListItem\",\"position\":2,\"name\":\"Politique en mati\u00e8re de remboursements et de retours\"}]},{\"@type\":\"WebSite\",\"@id\":\"https:\/\/servietteobf.ci\/#website\",\"url\":\"https:\/\/servietteobf.ci\/\",\"name\":\"OBF\",\"description\":\"Serviette Hygi\u00e9nique avec Anion\",\"potentialAction\":[{\"@type\":\"SearchAction\",\"target\":{\"@type\":\"EntryPoint\",\"urlTemplate\":\"https:\/\/servietteobf.ci\/?s={search_term_string}\"},\"query-input\":{\"@type\":\"PropertyValueSpecification\",\"valueRequired\":true,\"valueName\":\"search_term_string\"}}],\"inLanguage\":\"fr-FR\"}]}<\/script>\n<!-- \/ Yoast SEO plugin. -->","yoast_head_json":{"title":"Politique en mati\u00e8re de remboursements et de retours - OBF","description":"Notre politique de remboursement et de retour est valable pendant 30 jours. Si 30 jours se sont \u00e9coul\u00e9s depuis votre achat, nous ne pouvons pas vous offrir un remboursement complet ou un \u00e9change.","robots":{"index":"index","follow":"follow","max-snippet":"max-snippet:-1","max-image-preview":"max-image-preview:large","max-video-preview":"max-video-preview:-1"},"canonical":"https:\/\/servietteobf.ci\/index.php\/remboursements_retours\/","og_locale":"fr_FR","og_type":"article","og_title":"Politique en mati\u00e8re de remboursements et de retours - OBF","og_description":"Notre politique de remboursement et de retour est valable pendant 30 jours. Si 30 jours se sont \u00e9coul\u00e9s depuis votre achat, nous ne pouvons pas vous offrir un remboursement complet ou un \u00e9change.","og_url":"https:\/\/servietteobf.ci\/index.php\/remboursements_retours\/","og_site_name":"OBF","article_modified_time":"2023-07-11T23:53:18+00:00","twitter_card":"summary_large_image","twitter_misc":{"Dur\u00e9e de lecture estim\u00e9e":"3 minutes"},"schema":{"@context":"https:\/\/schema.org","@graph":[{"@type":"WebPage","@id":"https:\/\/servietteobf.ci\/index.php\/remboursements_retours\/","url":"https:\/\/servietteobf.ci\/index.php\/remboursements_retours\/","name":"Politique en mati\u00e8re de remboursements et de retours - OBF","isPartOf":{"@id":"https:\/\/servietteobf.ci\/#website"},"datePublished":"2023-07-11T23:53:15+00:00","dateModified":"2023-07-11T23:53:18+00:00","description":"Notre politique de remboursement et de retour est valable pendant 30 jours. Si 30 jours se sont \u00e9coul\u00e9s depuis votre achat, nous ne pouvons pas vous offrir un remboursement complet ou un \u00e9change.","breadcrumb":{"@id":"https:\/\/servietteobf.ci\/index.php\/remboursements_retours\/#breadcrumb"},"inLanguage":"fr-FR","potentialAction":[{"@type":"ReadAction","target":["https:\/\/servietteobf.ci\/index.php\/remboursements_retours\/"]}]},{"@type":"BreadcrumbList","@id":"https:\/\/servietteobf.ci\/index.php\/remboursements_retours\/#breadcrumb","itemListElement":[{"@type":"ListItem","position":1,"name":"Accueil","item":"https:\/\/servietteobf.ci\/"},{"@type":"ListItem","position":2,"name":"Politique en mati\u00e8re de remboursements et de retours"}]},{"@type":"WebSite","@id":"https:\/\/servietteobf.ci\/#website","url":"https:\/\/servietteobf.ci\/","name":"OBF","description":"Serviette Hygi\u00e9nique avec Anion","potentialAction":[{"@type":"SearchAction","target":{"@type":"EntryPoint","urlTemplate":"https:\/\/servietteobf.ci\/?s={search_term_string}"},"query-input":{"@type":"PropertyValueSpecification","valueRequired":true,"valueName":"search_term_string"}}],"inLanguage":"fr-FR"}]}},"jetpack_sharing_enabled":true,"_links":{"self":[{"href":"https:\/\/servietteobf.ci\/index.php\/wp-json\/wp\/v2\/pages\/10","targetHints":{"allow":["GET"]}}],"collection":[{"href":"https:\/\/servietteobf.ci\/index.php\/wp-json\/wp\/v2\/pages"}],"about":[{"href":"https:\/\/servietteobf.ci\/index.php\/wp-json\/wp\/v2\/types\/page"}],"author":[{"embeddable":true,"href":"https:\/\/servietteobf.ci\/index.php\/wp-json\/wp\/v2\/users\/1"}],"replies":[{"embeddable":true,"href":"https:\/\/servietteobf.ci\/index.php\/wp-json\/wp\/v2\/comments?post=10"}],"version-history":[{"count":1,"href":"https:\/\/servietteobf.ci\/index.php\/wp-json\/wp\/v2\/pages\/10\/revisions"}],"predecessor-version":[{"id":1820,"href":"https:\/\/servietteobf.ci\/index.php\/wp-json\/wp\/v2\/pages\/10\/revisions\/1820"}],"wp:attachment":[{"href":"https:\/\/servietteobf.ci\/index.php\/wp-json\/wp\/v2\/media?parent=10"}],"curies":[{"name":"wp","href":"https:\/\/api.w.org\/{rel}","templated":true}]}}