{"id":2,"date":"2023-07-10T12:42:07","date_gmt":"2023-07-10T12:42:07","guid":{"rendered":"https:\/\/servietteobf.ci\/?page_id=2"},"modified":"2023-07-12T00:28:52","modified_gmt":"2023-07-12T00:28:52","slug":"apropos","status":"publish","type":"page","link":"https:\/\/servietteobf.ci\/index.php\/apropos\/","title":{"rendered":"L&#8217;histoire d&#8217;O bonheur des femmes"},"content":{"rendered":"\t\t<div data-elementor-type=\"wp-page\" data-elementor-id=\"2\" class=\"elementor elementor-2\">\n\t\t\t\t\t\t<section class=\"elementor-section elementor-top-section elementor-element elementor-element-dac03e1 elementor-section-boxed elementor-section-height-default elementor-section-height-default\" data-id=\"dac03e1\" data-element_type=\"section\">\n\t\t\t\t\t\t<div class=\"elementor-container elementor-column-gap-default\">\n\t\t\t\t\t<div class=\"elementor-column elementor-col-100 elementor-top-column elementor-element elementor-element-5d7551c\" data-id=\"5d7551c\" data-element_type=\"column\">\n\t\t\t<div class=\"elementor-widget-wrap elementor-element-populated\">\n\t\t\t\t\t\t<div class=\"elementor-element elementor-element-2467c30 elementor-widget elementor-widget-heading\" data-id=\"2467c30\" data-element_type=\"widget\" data-widget_type=\"heading.default\">\n\t\t\t\t<div class=\"elementor-widget-container\">\n\t\t\t<h2 class=\"elementor-heading-title elementor-size-default\"><b>O bonheur des femmes - l'Histoire<\/b><\/h2>\t\t<\/div>\n\t\t\t\t<\/div>\n\t\t\t\t\t<\/div>\n\t\t<\/div>\n\t\t\t\t\t<\/div>\n\t\t<\/section>\n\t\t\t\t<section class=\"elementor-section elementor-top-section elementor-element elementor-element-1427fc45 elementor-section-boxed elementor-section-height-default elementor-section-height-default\" data-id=\"1427fc45\" data-element_type=\"section\">\n\t\t\t\t\t\t<div class=\"elementor-container elementor-column-gap-default\">\n\t\t\t\t\t<div class=\"elementor-column elementor-col-100 elementor-top-column elementor-element elementor-element-4f90b4fa\" data-id=\"4f90b4fa\" data-element_type=\"column\">\n\t\t\t<div class=\"elementor-widget-wrap elementor-element-populated\">\n\t\t\t\t\t\t<div class=\"elementor-element elementor-element-dcaad26 elementor-widget elementor-widget-text-editor\" data-id=\"dcaad26\" data-element_type=\"widget\" data-widget_type=\"text-editor.default\">\n\t\t\t\t<div class=\"elementor-widget-container\">\n\t\t\t\t\t\t\t<p><!-- wp:paragraph --><\/p>\n<p><span style=\"background-color: var(--color-main-background); color: var(--color-main-text); font-family: var(--font-primary); letter-spacing: 0px;\">Chez OBF, nous croyons en la puissance de la f\u00e9minit\u00e9 et en l&#8217;importance de prendre soin de notre sant\u00e9 intime. Nous sommes une marque de serviettes hygi\u00e9niques avec anion, engag\u00e9e \u00e0 offrir aux femmes une exp\u00e9rience menstruelle de qualit\u00e9, en mettant l&#8217;accent sur la sant\u00e9, le confort et la durabilit\u00e9.<\/span><\/p>\n<p><b>Notre mission est claire<\/b> : permettre \u00e0 chaque femme de retrouver sa f\u00e9minit\u00e9 et de prendre soin de son corps de mani\u00e8re naturelle et respectueuse. Nous nous engageons \u00e0 fournir des serviettes hygi\u00e9niques de haute qualit\u00e9, fabriqu\u00e9es \u00e0 partir de mat\u00e9riaux biologiques, sans substances nocives ou irritantes. La sant\u00e9 de nos utilisatrices est notre priorit\u00e9 absolue.<\/p>\n<p><br><\/p>\n<p><!-- \/wp:paragraph --><\/p>\t\t\t\t\t\t<\/div>\n\t\t\t\t<\/div>\n\t\t\t\t\t<\/div>\n\t\t<\/div>\n\t\t\t\t\t<\/div>\n\t\t<\/section>\n\t\t\t\t<section class=\"elementor-section elementor-top-section elementor-element elementor-element-50dd02d elementor-section-boxed elementor-section-height-default elementor-section-height-default\" data-id=\"50dd02d\" data-element_type=\"section\">\n\t\t\t\t\t\t<div class=\"elementor-container elementor-column-gap-default\">\n\t\t\t\t\t<div class=\"elementor-column elementor-col-50 elementor-top-column elementor-element elementor-element-36d2b8f\" data-id=\"36d2b8f\" data-element_type=\"column\">\n\t\t\t<div class=\"elementor-widget-wrap elementor-element-populated\">\n\t\t\t\t\t\t<div class=\"elementor-element elementor-element-c26da24 elementor-widget elementor-widget-image\" data-id=\"c26da24\" data-element_type=\"widget\" data-widget_type=\"image.default\">\n\t\t\t\t<div class=\"elementor-widget-container\">\n\t\t\t\t\t\t\t\t\t\t\t\t\t<img fetchpriority=\"high\" decoding=\"async\" width=\"960\" height=\"540\" src=\"https:\/\/servietteobf.ci\/wp-content\/uploads\/2023\/07\/Cover-boutique-OBF-1024x576.jpg\" class=\"attachment-large size-large wp-image-1794\" alt=\"Cover boutique OBF\" srcset=\"https:\/\/servietteobf.ci\/wp-content\/uploads\/2023\/07\/Cover-boutique-OBF-1024x576.jpg 1024w, https:\/\/servietteobf.ci\/wp-content\/uploads\/2023\/07\/Cover-boutique-OBF-300x169.jpg 300w, https:\/\/servietteobf.ci\/wp-content\/uploads\/2023\/07\/Cover-boutique-OBF-768x432.jpg 768w, https:\/\/servietteobf.ci\/wp-content\/uploads\/2023\/07\/Cover-boutique-OBF-600x338.jpg 600w, https:\/\/servietteobf.ci\/wp-content\/uploads\/2023\/07\/Cover-boutique-OBF-90x51.jpg 90w, https:\/\/servietteobf.ci\/wp-content\/uploads\/2023\/07\/Cover-boutique-OBF.jpg 1200w\" sizes=\"(max-width: 960px) 100vw, 960px\" \/>\t\t\t\t\t\t\t\t\t\t\t\t\t<\/div>\n\t\t\t\t<\/div>\n\t\t\t\t\t<\/div>\n\t\t<\/div>\n\t\t\t\t<div class=\"elementor-column elementor-col-50 elementor-top-column elementor-element elementor-element-44d3a4c\" data-id=\"44d3a4c\" data-element_type=\"column\">\n\t\t\t<div class=\"elementor-widget-wrap elementor-element-populated\">\n\t\t\t\t\t\t<div class=\"elementor-element elementor-element-6178c7c elementor-widget elementor-widget-image\" data-id=\"6178c7c\" data-element_type=\"widget\" data-widget_type=\"image.default\">\n\t\t\t\t<div class=\"elementor-widget-container\">\n\t\t\t\t\t\t\t\t\t\t\t\t\t<img decoding=\"async\" width=\"960\" height=\"540\" data-src=\"https:\/\/servietteobf.ci\/wp-content\/uploads\/2023\/07\/Protege-slips-OBF-1024x576.jpg\" class=\"attachment-large size-large wp-image-1833 lazyload\" alt=\"\" data-srcset=\"https:\/\/servietteobf.ci\/wp-content\/uploads\/2023\/07\/Protege-slips-OBF-1024x576.jpg 1024w, https:\/\/servietteobf.ci\/wp-content\/uploads\/2023\/07\/Protege-slips-OBF-300x169.jpg 300w, https:\/\/servietteobf.ci\/wp-content\/uploads\/2023\/07\/Protege-slips-OBF-768x432.jpg 768w, https:\/\/servietteobf.ci\/wp-content\/uploads\/2023\/07\/Protege-slips-OBF-600x338.jpg 600w, https:\/\/servietteobf.ci\/wp-content\/uploads\/2023\/07\/Protege-slips-OBF-90x51.jpg 90w, https:\/\/servietteobf.ci\/wp-content\/uploads\/2023\/07\/Protege-slips-OBF.jpg 1200w\" data-sizes=\"(max-width: 960px) 100vw, 960px\" src=\"data:image\/gif;base64,R0lGODlhAQABAAAAACH5BAEKAAEALAAAAAABAAEAAAICTAEAOw==\" style=\"--smush-placeholder-width: 960px; --smush-placeholder-aspect-ratio: 960\/540;\" \/><noscript><img decoding=\"async\" width=\"960\" height=\"540\" src=\"https:\/\/servietteobf.ci\/wp-content\/uploads\/2023\/07\/Protege-slips-OBF-1024x576.jpg\" class=\"attachment-large size-large wp-image-1833\" alt=\"\" srcset=\"https:\/\/servietteobf.ci\/wp-content\/uploads\/2023\/07\/Protege-slips-OBF-1024x576.jpg 1024w, https:\/\/servietteobf.ci\/wp-content\/uploads\/2023\/07\/Protege-slips-OBF-300x169.jpg 300w, https:\/\/servietteobf.ci\/wp-content\/uploads\/2023\/07\/Protege-slips-OBF-768x432.jpg 768w, https:\/\/servietteobf.ci\/wp-content\/uploads\/2023\/07\/Protege-slips-OBF-600x338.jpg 600w, https:\/\/servietteobf.ci\/wp-content\/uploads\/2023\/07\/Protege-slips-OBF-90x51.jpg 90w, https:\/\/servietteobf.ci\/wp-content\/uploads\/2023\/07\/Protege-slips-OBF.jpg 1200w\" sizes=\"(max-width: 960px) 100vw, 960px\" \/><\/noscript>\t\t\t\t\t\t\t\t\t\t\t\t\t<\/div>\n\t\t\t\t<\/div>\n\t\t\t\t\t<\/div>\n\t\t<\/div>\n\t\t\t\t\t<\/div>\n\t\t<\/section>\n\t\t\t\t<section class=\"elementor-section elementor-top-section elementor-element elementor-element-b443754 elementor-section-boxed elementor-section-height-default elementor-section-height-default\" data-id=\"b443754\" data-element_type=\"section\">\n\t\t\t\t\t\t<div class=\"elementor-container elementor-column-gap-default\">\n\t\t\t\t\t<div class=\"elementor-column elementor-col-100 elementor-top-column elementor-element elementor-element-72daa92\" data-id=\"72daa92\" data-element_type=\"column\">\n\t\t\t<div class=\"elementor-widget-wrap elementor-element-populated\">\n\t\t\t\t\t\t<div class=\"elementor-element elementor-element-2ae47e4 elementor-widget elementor-widget-text-editor\" data-id=\"2ae47e4\" data-element_type=\"widget\" data-widget_type=\"text-editor.default\">\n\t\t\t\t<div class=\"elementor-widget-container\">\n\t\t\t\t\t\t\t<p>Les serviettes hygi\u00e9niques OBF sont sp\u00e9cialement con\u00e7ues avec la technologie des ions n\u00e9gatifs, \u00e9galement connus sous le nom d&#8217;anions. Les anions aident \u00e0 neutraliser les odeurs d\u00e9sagr\u00e9ables et \u00e0 am\u00e9liorer la circulation sanguine, contribuant ainsi \u00e0 une exp\u00e9rience de p\u00e9riode plus saine et plus confortable. Vous pouvez vous sentir fra\u00eeche, en confiance et en harmonie avec votre corps tout au long de votre cycle menstruel.<\/p>\n<p>Nous sommes \u00e9galement conscients des d\u00e9fis auxquels les femmes peuvent \u00eatre confront\u00e9es en mati\u00e8re de sant\u00e9 g\u00e9nitale. C&#8217;est pourquoi OBF s&#8217;engage \u00e0 sensibiliser et \u00e0 informer sur les maladies li\u00e9es \u00e0 l&#8217;appareil g\u00e9nital, en encourageant des discussions ouvertes et en offrant des produits qui r\u00e9pondent aux besoins sp\u00e9cifiques des femmes.<\/p>\n<p>Chez OBF, nous croyons en la durabilit\u00e9 et en la protection de notre environnement. Nous nous effor\u00e7ons d&#8217;utiliser des mat\u00e9riaux respectueux de l&#8217;environnement et de r\u00e9duire notre empreinte carbone. Nos emballages sont con\u00e7us pour minimiser les d\u00e9chets, tout en pr\u00e9servant l&#8217;int\u00e9grit\u00e9 de nos produits.<\/p>\n<p>Nous comprenons que chaque femme est unique, c&#8217;est pourquoi nous proposons une gamme de serviettes hygi\u00e9niques adapt\u00e9es \u00e0 diff\u00e9rents flux menstruels et pr\u00e9f\u00e9rences individuelles. Que vous ayez un flux l\u00e9ger, mod\u00e9r\u00e9 ou abondant, vous trouverez chez OBF la protection qui vous convient, sans compromis sur la qualit\u00e9.<\/p>\t\t\t\t\t\t<\/div>\n\t\t\t\t<\/div>\n\t\t\t\t\t<\/div>\n\t\t<\/div>\n\t\t\t\t\t<\/div>\n\t\t<\/section>\n\t\t\t\t<section class=\"elementor-section elementor-top-section elementor-element elementor-element-10c8c81 elementor-section-boxed elementor-section-height-default elementor-section-height-default\" data-id=\"10c8c81\" data-element_type=\"section\">\n\t\t\t\t\t\t<div class=\"elementor-container elementor-column-gap-default\">\n\t\t\t\t\t<div class=\"elementor-column elementor-col-100 elementor-top-column elementor-element elementor-element-ebcb786\" data-id=\"ebcb786\" data-element_type=\"column\">\n\t\t\t<div class=\"elementor-widget-wrap elementor-element-populated\">\n\t\t\t\t\t\t<div class=\"elementor-element elementor-element-7a1447e elementor-widget elementor-widget-cosmetsy-product-categories\" data-id=\"7a1447e\" data-element_type=\"widget\" data-widget_type=\"cosmetsy-product-categories.default\">\n\t\t\t\t<div class=\"elementor-widget-container\">\n\t\t\t<div class=\"module module--category\"><div class=\"container\"><div class=\"module--inner\"><ul class=\"category-list column-3 style-2\"><li class=\"category-item\"><a href=\"https:\/\/servietteobf.ci\/index.php\/categorie-produit\/couches-adultes\/\"><div class=\"category-detail\"><h4 class=\"entry-category\">Couches Adultes<\/h4><\/div><\/a><\/li><li class=\"category-item\"><a href=\"https:\/\/servietteobf.ci\/index.php\/categorie-produit\/pack-serviettes-hygieniques\/\"><div class=\"category-detail\"><h4 class=\"entry-category\">Pack Produits<\/h4><\/div><div class=\"category-image\"><img decoding=\"async\" data-src=\"https:\/\/servietteobf.ci\/wp-content\/uploads\/2023\/07\/Doux-comme-coton.jpg\" alt=\"Pack Produits\" src=\"data:image\/gif;base64,R0lGODlhAQABAAAAACH5BAEKAAEALAAAAAABAAEAAAICTAEAOw==\" class=\"lazyload\" style=\"--smush-placeholder-width: 760px; --smush-placeholder-aspect-ratio: 760\/679;\"><noscript><img decoding=\"async\" src=\"https:\/\/servietteobf.ci\/wp-content\/uploads\/2023\/07\/Doux-comme-coton.jpg\" alt=\"Pack Produits\"><\/noscript><\/div><\/a><\/li><li class=\"category-item\"><a href=\"https:\/\/servietteobf.ci\/index.php\/categorie-produit\/protege-slip\/\"><div class=\"category-detail\"><h4 class=\"entry-category\">Prot\u00e8ge-slip<\/h4><\/div><div class=\"category-image\"><img decoding=\"async\" data-src=\"https:\/\/servietteobf.ci\/wp-content\/uploads\/2023\/07\/Protege-slip.jpg\" alt=\"Prot\u00e8ge-slip\" src=\"data:image\/gif;base64,R0lGODlhAQABAAAAACH5BAEKAAEALAAAAAABAAEAAAICTAEAOw==\" class=\"lazyload\" style=\"--smush-placeholder-width: 760px; --smush-placeholder-aspect-ratio: 760\/695;\"><noscript><img decoding=\"async\" src=\"https:\/\/servietteobf.ci\/wp-content\/uploads\/2023\/07\/Protege-slip.jpg\" alt=\"Prot\u00e8ge-slip\"><\/noscript><\/div><\/a><\/li><li class=\"category-item\"><a href=\"https:\/\/servietteobf.ci\/index.php\/categorie-produit\/serviette-maternite\/\"><div class=\"category-detail\"><h4 class=\"entry-category\">Serviette Maternit\u00e9<\/h4><\/div><div class=\"category-image\"><img decoding=\"async\" data-src=\"https:\/\/servietteobf.ci\/wp-content\/uploads\/2023\/07\/Serviette-Maternite.jpg\" alt=\"Serviette Maternit\u00e9\" src=\"data:image\/gif;base64,R0lGODlhAQABAAAAACH5BAEKAAEALAAAAAABAAEAAAICTAEAOw==\" class=\"lazyload\" style=\"--smush-placeholder-width: 760px; --smush-placeholder-aspect-ratio: 760\/695;\"><noscript><img decoding=\"async\" src=\"https:\/\/servietteobf.ci\/wp-content\/uploads\/2023\/07\/Serviette-Maternite.jpg\" alt=\"Serviette Maternit\u00e9\"><\/noscript><\/div><\/a><\/li><li class=\"category-item\"><a href=\"https:\/\/servietteobf.ci\/index.php\/categorie-produit\/serviette-periodique\/\"><div class=\"category-detail\"><h4 class=\"entry-category\">Serviette P\u00e9riodique<\/h4><\/div><div class=\"category-image\"><img decoding=\"async\" data-src=\"https:\/\/servietteobf.ci\/wp-content\/uploads\/2023\/07\/Serviette-hygienique-OBF.jpg\" alt=\"Serviette P\u00e9riodique\" src=\"data:image\/gif;base64,R0lGODlhAQABAAAAACH5BAEKAAEALAAAAAABAAEAAAICTAEAOw==\" class=\"lazyload\" style=\"--smush-placeholder-width: 760px; --smush-placeholder-aspect-ratio: 760\/695;\"><noscript><img decoding=\"async\" src=\"https:\/\/servietteobf.ci\/wp-content\/uploads\/2023\/07\/Serviette-hygienique-OBF.jpg\" alt=\"Serviette P\u00e9riodique\"><\/noscript><\/div><\/a><\/li><\/ul><\/div><\/div><\/div>\t\t<\/div>\n\t\t\t\t<\/div>\n\t\t\t\t\t<\/div>\n\t\t<\/div>\n\t\t\t\t\t<\/div>\n\t\t<\/section>\n\t\t\t\t<section class=\"elementor-section elementor-top-section elementor-element elementor-element-b25d244 elementor-section-boxed elementor-section-height-default elementor-section-height-default\" data-id=\"b25d244\" data-element_type=\"section\">\n\t\t\t\t\t\t<div class=\"elementor-container elementor-column-gap-default\">\n\t\t\t\t\t<div class=\"elementor-column elementor-col-100 elementor-top-column elementor-element elementor-element-8ec08fe\" data-id=\"8ec08fe\" data-element_type=\"column\">\n\t\t\t<div class=\"elementor-widget-wrap elementor-element-populated\">\n\t\t\t\t\t\t<div class=\"elementor-element elementor-element-49868f1 elementor-widget elementor-widget-text-editor\" data-id=\"49868f1\" data-element_type=\"widget\" data-widget_type=\"text-editor.default\">\n\t\t\t\t<div class=\"elementor-widget-container\">\n\t\t\t\t\t\t\t<p>Chez OBF, nous sommes fiers de notre engagement envers la sant\u00e9 des femmes, l&#8217;environnement et la qualit\u00e9 de nos produits. Nous aspirons \u00e0 cr\u00e9er une communaut\u00e9 o\u00f9 chaque femme se sent soutenue, inform\u00e9e et valoris\u00e9e.<\/p>\n<p>Rejoignez-nous dans notre voyage pour r\u00e9v\u00e9ler votre f\u00e9minit\u00e9 avec confiance et bien-\u00eatre. D\u00e9couvrez les serviettes hygi\u00e9niques OBF et faites l&#8217;exp\u00e9rience d&#8217;une p\u00e9riode qui c\u00e9l\u00e8bre votre f\u00e9minit\u00e9 et votre sant\u00e9.<\/p>\n<p>Pour plus d&#8217;informations sur notre marque, nos produits et notre engagement envers la sant\u00e9 f\u00e9minine, n&#8217;h\u00e9sitez pas \u00e0 nous contacter. Ensemble, nous pouvons faire une diff\u00e9rence dans la vie des femmes.<\/p>\t\t\t\t\t\t<\/div>\n\t\t\t\t<\/div>\n\t\t\t\t\t<\/div>\n\t\t<\/div>\n\t\t\t\t\t<\/div>\n\t\t<\/section>\n\t\t\t\t<\/div>\n\t\t","protected":false},"excerpt":{"rendered":"<p>O bonheur des femmes &#8211; l&#8217;Histoire Chez OBF, nous croyons en la puissance de la f\u00e9minit\u00e9 et en l&#8217;importance de prendre soin de notre sant\u00e9 intime. Nous sommes une marque de serviettes hygi\u00e9niques avec anion, engag\u00e9e \u00e0 offrir aux femmes une exp\u00e9rience menstruelle de qualit\u00e9, en mettant l&#8217;accent sur la sant\u00e9, le confort et la<\/p>\n<div class=\"klb-readmore entry-button\"><a class=\"button light alt medium\" href=\"https:\/\/servietteobf.ci\/index.php\/apropos\/\">Read More<\/a><\/div>\n","protected":false},"author":1,"featured_media":0,"parent":0,"menu_order":0,"comment_status":"closed","ping_status":"open","template":"","meta":{"footnotes":""},"class_list":["post-2","page","type-page","status-publish","hentry"],"yoast_head":"<!-- This site is optimized with the Yoast SEO plugin v23.4 - https:\/\/yoast.com\/wordpress\/plugins\/seo\/ -->\n<title>L&#039;histoire d&#039;O bonheur des femmes - OBF<\/title>\n<meta name=\"description\" content=\"Chez OBF, nous croyons en la puissance de la f\u00e9minit\u00e9 et en l&#039;importance de prendre soin de notre sant\u00e9 intime. Nous sommes une marque de serviettes hygi\u00e9niques avec anion\" \/>\n<meta name=\"robots\" content=\"index, follow, max-snippet:-1, max-image-preview:large, max-video-preview:-1\" \/>\n<link rel=\"canonical\" href=\"https:\/\/servietteobf.ci\/index.php\/apropos\/\" \/>\n<meta property=\"og:locale\" content=\"fr_FR\" \/>\n<meta property=\"og:type\" content=\"article\" \/>\n<meta property=\"og:title\" content=\"L&#039;histoire d&#039;O bonheur des femmes - OBF\" \/>\n<meta property=\"og:description\" content=\"Chez OBF, nous croyons en la puissance de la f\u00e9minit\u00e9 et en l&#039;importance de prendre soin de notre sant\u00e9 intime. Nous sommes une marque de serviettes hygi\u00e9niques avec anion\" \/>\n<meta property=\"og:url\" content=\"https:\/\/servietteobf.ci\/index.php\/apropos\/\" \/>\n<meta property=\"og:site_name\" content=\"OBF\" \/>\n<meta property=\"article:modified_time\" content=\"2023-07-12T00:28:52+00:00\" \/>\n<meta property=\"og:image\" content=\"https:\/\/servietteobf.ci\/wp-content\/uploads\/2023\/07\/Cover-boutique-OBF-1024x576.jpg\" \/>\n<meta name=\"twitter:card\" content=\"summary_large_image\" \/>\n<meta name=\"twitter:label1\" content=\"Dur\u00e9e de lecture estim\u00e9e\" \/>\n\t<meta name=\"twitter:data1\" content=\"4 minutes\" \/>\n<script type=\"application\/ld+json\" class=\"yoast-schema-graph\">{\"@context\":\"https:\/\/schema.org\",\"@graph\":[{\"@type\":\"WebPage\",\"@id\":\"https:\/\/servietteobf.ci\/index.php\/apropos\/\",\"url\":\"https:\/\/servietteobf.ci\/index.php\/apropos\/\",\"name\":\"L'histoire d'O bonheur des femmes - OBF\",\"isPartOf\":{\"@id\":\"https:\/\/servietteobf.ci\/#website\"},\"primaryImageOfPage\":{\"@id\":\"https:\/\/servietteobf.ci\/index.php\/apropos\/#primaryimage\"},\"image\":{\"@id\":\"https:\/\/servietteobf.ci\/index.php\/apropos\/#primaryimage\"},\"thumbnailUrl\":\"https:\/\/servietteobf.ci\/wp-content\/uploads\/2023\/07\/Cover-boutique-OBF-1024x576.jpg\",\"datePublished\":\"2023-07-10T12:42:07+00:00\",\"dateModified\":\"2023-07-12T00:28:52+00:00\",\"description\":\"Chez OBF, nous croyons en la puissance de la f\u00e9minit\u00e9 et en l'importance de prendre soin de notre sant\u00e9 intime. Nous sommes une marque de serviettes hygi\u00e9niques avec anion\",\"breadcrumb\":{\"@id\":\"https:\/\/servietteobf.ci\/index.php\/apropos\/#breadcrumb\"},\"inLanguage\":\"fr-FR\",\"potentialAction\":[{\"@type\":\"ReadAction\",\"target\":[\"https:\/\/servietteobf.ci\/index.php\/apropos\/\"]}]},{\"@type\":\"ImageObject\",\"inLanguage\":\"fr-FR\",\"@id\":\"https:\/\/servietteobf.ci\/index.php\/apropos\/#primaryimage\",\"url\":\"https:\/\/servietteobf.ci\/wp-content\/uploads\/2023\/07\/Cover-boutique-OBF.jpg\",\"contentUrl\":\"https:\/\/servietteobf.ci\/wp-content\/uploads\/2023\/07\/Cover-boutique-OBF.jpg\",\"width\":1200,\"height\":675,\"caption\":\"Cover boutique OBF\"},{\"@type\":\"BreadcrumbList\",\"@id\":\"https:\/\/servietteobf.ci\/index.php\/apropos\/#breadcrumb\",\"itemListElement\":[{\"@type\":\"ListItem\",\"position\":1,\"name\":\"Accueil\",\"item\":\"https:\/\/servietteobf.ci\/\"},{\"@type\":\"ListItem\",\"position\":2,\"name\":\"L&#8217;histoire d&#8217;O bonheur des femmes\"}]},{\"@type\":\"WebSite\",\"@id\":\"https:\/\/servietteobf.ci\/#website\",\"url\":\"https:\/\/servietteobf.ci\/\",\"name\":\"OBF\",\"description\":\"Serviette Hygi\u00e9nique avec Anion\",\"potentialAction\":[{\"@type\":\"SearchAction\",\"target\":{\"@type\":\"EntryPoint\",\"urlTemplate\":\"https:\/\/servietteobf.ci\/?s={search_term_string}\"},\"query-input\":{\"@type\":\"PropertyValueSpecification\",\"valueRequired\":true,\"valueName\":\"search_term_string\"}}],\"inLanguage\":\"fr-FR\"}]}<\/script>\n<!-- \/ Yoast SEO plugin. -->","yoast_head_json":{"title":"L'histoire d'O bonheur des femmes - OBF","description":"Chez OBF, nous croyons en la puissance de la f\u00e9minit\u00e9 et en l'importance de prendre soin de notre sant\u00e9 intime. Nous sommes une marque de serviettes hygi\u00e9niques avec anion","robots":{"index":"index","follow":"follow","max-snippet":"max-snippet:-1","max-image-preview":"max-image-preview:large","max-video-preview":"max-video-preview:-1"},"canonical":"https:\/\/servietteobf.ci\/index.php\/apropos\/","og_locale":"fr_FR","og_type":"article","og_title":"L'histoire d'O bonheur des femmes - OBF","og_description":"Chez OBF, nous croyons en la puissance de la f\u00e9minit\u00e9 et en l'importance de prendre soin de notre sant\u00e9 intime. Nous sommes une marque de serviettes hygi\u00e9niques avec anion","og_url":"https:\/\/servietteobf.ci\/index.php\/apropos\/","og_site_name":"OBF","article_modified_time":"2023-07-12T00:28:52+00:00","og_image":[{"url":"https:\/\/servietteobf.ci\/wp-content\/uploads\/2023\/07\/Cover-boutique-OBF-1024x576.jpg"}],"twitter_card":"summary_large_image","twitter_misc":{"Dur\u00e9e de lecture estim\u00e9e":"4 minutes"},"schema":{"@context":"https:\/\/schema.org","@graph":[{"@type":"WebPage","@id":"https:\/\/servietteobf.ci\/index.php\/apropos\/","url":"https:\/\/servietteobf.ci\/index.php\/apropos\/","name":"L'histoire d'O bonheur des femmes - OBF","isPartOf":{"@id":"https:\/\/servietteobf.ci\/#website"},"primaryImageOfPage":{"@id":"https:\/\/servietteobf.ci\/index.php\/apropos\/#primaryimage"},"image":{"@id":"https:\/\/servietteobf.ci\/index.php\/apropos\/#primaryimage"},"thumbnailUrl":"https:\/\/servietteobf.ci\/wp-content\/uploads\/2023\/07\/Cover-boutique-OBF-1024x576.jpg","datePublished":"2023-07-10T12:42:07+00:00","dateModified":"2023-07-12T00:28:52+00:00","description":"Chez OBF, nous croyons en la puissance de la f\u00e9minit\u00e9 et en l'importance de prendre soin de notre sant\u00e9 intime. Nous sommes une marque de serviettes hygi\u00e9niques avec anion","breadcrumb":{"@id":"https:\/\/servietteobf.ci\/index.php\/apropos\/#breadcrumb"},"inLanguage":"fr-FR","potentialAction":[{"@type":"ReadAction","target":["https:\/\/servietteobf.ci\/index.php\/apropos\/"]}]},{"@type":"ImageObject","inLanguage":"fr-FR","@id":"https:\/\/servietteobf.ci\/index.php\/apropos\/#primaryimage","url":"https:\/\/servietteobf.ci\/wp-content\/uploads\/2023\/07\/Cover-boutique-OBF.jpg","contentUrl":"https:\/\/servietteobf.ci\/wp-content\/uploads\/2023\/07\/Cover-boutique-OBF.jpg","width":1200,"height":675,"caption":"Cover boutique OBF"},{"@type":"BreadcrumbList","@id":"https:\/\/servietteobf.ci\/index.php\/apropos\/#breadcrumb","itemListElement":[{"@type":"ListItem","position":1,"name":"Accueil","item":"https:\/\/servietteobf.ci\/"},{"@type":"ListItem","position":2,"name":"L&#8217;histoire d&#8217;O bonheur des femmes"}]},{"@type":"WebSite","@id":"https:\/\/servietteobf.ci\/#website","url":"https:\/\/servietteobf.ci\/","name":"OBF","description":"Serviette Hygi\u00e9nique avec Anion","potentialAction":[{"@type":"SearchAction","target":{"@type":"EntryPoint","urlTemplate":"https:\/\/servietteobf.ci\/?s={search_term_string}"},"query-input":{"@type":"PropertyValueSpecification","valueRequired":true,"valueName":"search_term_string"}}],"inLanguage":"fr-FR"}]}},"jetpack_sharing_enabled":true,"_links":{"self":[{"href":"https:\/\/servietteobf.ci\/index.php\/wp-json\/wp\/v2\/pages\/2","targetHints":{"allow":["GET"]}}],"collection":[{"href":"https:\/\/servietteobf.ci\/index.php\/wp-json\/wp\/v2\/pages"}],"about":[{"href":"https:\/\/servietteobf.ci\/index.php\/wp-json\/wp\/v2\/types\/page"}],"author":[{"embeddable":true,"href":"https:\/\/servietteobf.ci\/index.php\/wp-json\/wp\/v2\/users\/1"}],"replies":[{"embeddable":true,"href":"https:\/\/servietteobf.ci\/index.php\/wp-json\/wp\/v2\/comments?post=2"}],"version-history":[{"count":7,"href":"https:\/\/servietteobf.ci\/index.php\/wp-json\/wp\/v2\/pages\/2\/revisions"}],"predecessor-version":[{"id":1841,"href":"https:\/\/servietteobf.ci\/index.php\/wp-json\/wp\/v2\/pages\/2\/revisions\/1841"}],"wp:attachment":[{"href":"https:\/\/servietteobf.ci\/index.php\/wp-json\/wp\/v2\/media?parent=2"}],"curies":[{"name":"wp","href":"https:\/\/api.w.org\/{rel}","templated":true}]}}